{"id":855,"date":"2025-03-20T22:49:07","date_gmt":"2025-03-20T22:49:07","guid":{"rendered":"https:\/\/leleg.co\/iletisim\/"},"modified":"2025-09-09T14:08:49","modified_gmt":"2025-09-09T14:08:49","slug":"contact","status":"publish","type":"page","link":"https:\/\/leleg.co\/en\/contact\/","title":{"rendered":"Contact"},"content":{"rendered":"<div class=\"wpb-content-wrapper\"><p>[vc_row css=&#8221;.vc_custom_1743032645216{padding-top: 60px !important;padding-bottom: 60px !important;}&#8221;][vc_column width=&#8221;1\/2&#8243;][vc_custom_heading text=&#8221;Contact Us&#8221; use_theme_fonts=&#8221;yes&#8221; css=&#8221;&#8221; el_class=&#8221;contacttitle&#8221;][vc_column_text css=&#8221;&#8221;]At L\u00e9leg, we are here to provide you with the best service! You can contact us regarding our products, your orders, or any questions about skincare. Your feedback and suggestions are very valuable to us.<\/p>\n<p><strong>Address:<\/strong> Cerrahpa\u015fa, Kocamustafapa\u015fa Cd. No:91\/A, 34098 Fatih\/\u0130stanbul<br \/>\n<strong>E-mail:<\/strong> iletisim@leleg.co[\/vc_column_text]\r\n    <div class=\"satisbtns\">\r\n            \r\n              <a href=\"#\" class=\"whatsappbtn\"><img decoding=\"async\" class=\"whatsappimg\" src=\"https:\/\/leleg.co\/wp-content\/themes\/lelegkozmetik\/assets\/images\/whatsapp.svg\"><img decoding=\"async\" class=\"whatsappimghover\" src=\"https:\/\/leleg.co\/wp-content\/themes\/lelegkozmetik\/assets\/images\/whatsappwhitw.svg\"> WHATSAPP<\/a>\r\n          \r\n          <\/div>[vc_custom_heading text=&#8221;Points of Sale&#8221; use_theme_fonts=&#8221;yes&#8221; css=&#8221;&#8221; el_class=&#8221;contactproducttitle&#8221;]\r\n    <div class=\"satisbtns\">\r\n              <a href=\"#\" class=\"hepsibtn\">HEPS\u0130BURADA<\/a>\r\n              <a href=\"#\" class=\"trendbtn\">TRENDYOL<\/a>\r\n              <a href=\"#\" class=\"eczanebtn\"><img decoding=\"async\" class=\"eczicobtn\" src=\"https:\/\/leleg.co\/wp-content\/themes\/lelegkozmetik\/assets\/images\/ezcane.svg\"><img decoding=\"async\" class=\"eczicobtnhover\" src=\"https:\/\/leleg.co\/wp-content\/themes\/lelegkozmetik\/assets\/images\/ezcanesw.svg\"> YETK\u0130L\u0130 ECZANELER<\/a>\r\n          \r\n          <\/div>[\/vc_column][vc_column width=&#8221;1\/2&#8243;][vc_row_inner el_class=&#8221;contentblue&#8221;][vc_column_inner][vc_custom_heading text=&#8221;Contact Form&#8221; use_theme_fonts=&#8221;yes&#8221; css=&#8221;&#8221; el_class=&#8221;contactformtitle&#8221;]<script type=\"text\/javascript\">var gform;gform||(document.addEventListener(\"gform_main_scripts_loaded\",function(){gform.scriptsLoaded=!0}),window.addEventListener(\"DOMContentLoaded\",function(){gform.domLoaded=!0}),gform={domLoaded:!1,scriptsLoaded:!1,initializeOnLoaded:function(o){gform.domLoaded&&gform.scriptsLoaded?o():!gform.domLoaded&&gform.scriptsLoaded?window.addEventListener(\"DOMContentLoaded\",o):document.addEventListener(\"gform_main_scripts_loaded\",o)},hooks:{action:{},filter:{}},addAction:function(o,n,r,t){gform.addHook(\"action\",o,n,r,t)},addFilter:function(o,n,r,t){gform.addHook(\"filter\",o,n,r,t)},doAction:function(o){gform.doHook(\"action\",o,arguments)},applyFilters:function(o){return gform.doHook(\"filter\",o,arguments)},removeAction:function(o,n){gform.removeHook(\"action\",o,n)},removeFilter:function(o,n,r){gform.removeHook(\"filter\",o,n,r)},addHook:function(o,n,r,t,i){null==gform.hooks[o][n]&&(gform.hooks[o][n]=[]);var e=gform.hooks[o][n];null==i&&(i=n+\"_\"+e.length),gform.hooks[o][n].push({tag:i,callable:r,priority:t=null==t?10:t})},doHook:function(n,o,r){var t;if(r=Array.prototype.slice.call(r,1),null!=gform.hooks[n][o]&&((o=gform.hooks[n][o]).sort(function(o,n){return o.priority-n.priority}),o.forEach(function(o){\"function\"!=typeof(t=o.callable)&&(t=window[t]),\"action\"==n?t.apply(null,r):r[0]=t.apply(null,r)})),\"filter\"==n)return r[0]},removeHook:function(o,n,t,i){var r;null!=gform.hooks[o][n]&&(r=(r=gform.hooks[o][n]).filter(function(o,n,r){return!!(null!=i&&i!=o.tag||null!=t&&t!=o.priority)}),gform.hooks[o][n]=r)}});<\/script>\n                <div class='gf_browser_gecko gform_wrapper gravity-theme gform-theme--no-framework' data-form-theme='gravity-theme' data-form-index='0' id='gform_wrapper_3' ><form method='post' enctype='multipart\/form-data'  id='gform_3'  action='\/en\/wp-json\/wp\/v2\/pages\/855' data-formid='3' >\n                        <div class='gform-body gform_body'><div id='gform_fields_3' class='gform_fields top_label form_sublabel_below description_below'><div id=\"field_3_1\"  class=\"gfield gfield--type-text gfield--width-half gfield_contains_required field_sublabel_below gfield--no-description field_description_below hidden_label gfield_visibility_visible\"  data-js-reload=\"field_3_1\"><label class='gfield_label gform-field-label' for='input_3_1' >Ad Soyad<span class=\"gfield_required\"><span class=\"gfield_required gfield_required_text\">(Required)<\/span><\/span><\/label><div class='ginput_container ginput_container_text'><input name='input_1' id='input_3_1' type='text' value='' class='large'    placeholder='Name Surname' aria-required=\"true\" aria-invalid=\"false\"   \/> <\/div><\/div><div id=\"field_3_3\"  class=\"gfield gfield--type-email gfield--width-half gfield_contains_required field_sublabel_below gfield--no-description field_description_below hidden_label gfield_visibility_visible\"  data-js-reload=\"field_3_3\"><label class='gfield_label gform-field-label' for='input_3_3' >E-Posta<span class=\"gfield_required\"><span class=\"gfield_required gfield_required_text\">(Required)<\/span><\/span><\/label><div class='ginput_container ginput_container_email'>\n                            <input name='input_3' id='input_3_3' type='text' value='' class='large'   placeholder='E-Mail' aria-required=\"true\" aria-invalid=\"false\"  \/>\n                        <\/div><\/div><div id=\"field_3_4\"  class=\"gfield gfield--type-text gfield--width-full field_sublabel_below gfield--no-description field_description_below hidden_label gfield_visibility_visible\"  data-js-reload=\"field_3_4\"><label class='gfield_label gform-field-label' for='input_3_4' >Konu<\/label><div class='ginput_container ginput_container_text'><input name='input_4' id='input_3_4' type='text' value='' class='large'    placeholder='Subject'  aria-invalid=\"false\"   \/> <\/div><\/div><div id=\"field_3_5\"  class=\"gfield gfield--type-textarea gfield--width-full field_sublabel_below gfield--no-description field_description_below hidden_label gfield_visibility_visible\"  data-js-reload=\"field_3_5\"><label class='gfield_label gform-field-label' for='input_3_5' >Ba\u015fl\u0131ks\u0131z<\/label><div class='ginput_container ginput_container_textarea'><textarea name='input_5' id='input_3_5' class='textarea small'    placeholder='Message'  aria-invalid=\"false\"   rows='10' cols='50'><\/textarea><\/div><\/div><fieldset id=\"field_3_7\"  class=\"gfield gfield--type-consent gfield--type-choice gfield--input-type-consent gfield--width-full gfield_contains_required field_sublabel_below gfield--no-description field_description_below hidden_label gfield_visibility_visible\"  data-js-reload=\"field_3_7\"><legend class='gfield_label gform-field-label gfield_label_before_complex'  >Onay<span class=\"gfield_required\"><span class=\"gfield_required gfield_required_text\">(Required)<\/span><\/span><\/legend><div class='ginput_container ginput_container_consent'><input name='input_7.1' id='input_3_7_1' type='checkbox' value='1'   aria-required=\"true\" aria-invalid=\"false\"   \/> <label class=\"gform-field-label gform-field-label--type-inline gfield_consent_label\" for='input_3_7_1' >I have read and understood the privacy policy, and I accept the terms.<span class=\"gfield_required gfield_required_text\">(Required)<\/span><\/label><input type='hidden' name='input_7.2' value='I have read and understood the privacy policy, and I accept the terms.' class='gform_hidden' \/><input type='hidden' name='input_7.3' value='2' class='gform_hidden' \/><\/div><\/fieldset><\/div><\/div>\n        <div class='gform_footer top_label'> <input type='submit' id='gform_submit_button_3' class='gform_button button' value='Send'  onclick='if(window[\"gf_submitting_3\"]){return false;}  window[\"gf_submitting_3\"]=true;  ' onkeypress='if( event.keyCode == 13 ){ if(window[\"gf_submitting_3\"]){return false;} window[\"gf_submitting_3\"]=true;  jQuery(\"#gform_3\").trigger(\"submit\",[true]); }' \/> \n            <input type='hidden' class='gform_hidden' name='is_submit_3' value='1' \/>\n            <input type='hidden' class='gform_hidden' name='gform_submit' value='3' \/>\n            \n            <input type='hidden' class='gform_hidden' name='gform_unique_id' value='' \/>\n            <input type='hidden' class='gform_hidden' name='state_3' value='WyJ7XCI3LjFcIjpcImYyY2JhNGVmZTBhNTE3Y2M1MjQ1NjExNjM5ZmZmOTBiXCIsXCI3LjJcIjpcIjM1YzBmZTBjYzJkOWQ4ZTY4Y2U5MGVmYzM5NmJlMzUxXCIsXCI3LjNcIjpcIjhkNDlhMjNhZjc1YzNhMzFlMGMzNzhiYmE0ZTEwMmY1XCJ9IiwiNjM5NWQ0ZGEwNzQ1YWE5ZmQ1M2UyZjk0MTNjYWQ3NDMiXQ==' \/>\n            <input type='hidden' class='gform_hidden' name='gform_target_page_number_3' id='gform_target_page_number_3' value='0' \/>\n            <input type='hidden' class='gform_hidden' name='gform_source_page_number_3' id='gform_source_page_number_3' value='1' \/>\n            <input type='hidden' name='gform_field_values' value='' \/>\n            \n        <\/div>\n                        <\/form>\n                        <\/div><script type=\"text\/javascript\">\n\/* <![CDATA[ *\/\n gform.initializeOnLoaded( function() {gformInitSpinner( 3, 'https:\/\/leleg.co\/wp-content\/plugins\/gravityforms\/images\/spinner.svg', true );jQuery('#gform_ajax_frame_3').on('load',function(){var contents = jQuery(this).contents().find('*').html();var is_postback = contents.indexOf('GF_AJAX_POSTBACK') >= 0;if(!is_postback){return;}var form_content = jQuery(this).contents().find('#gform_wrapper_3');var is_confirmation = jQuery(this).contents().find('#gform_confirmation_wrapper_3').length > 0;var is_redirect = contents.indexOf('gformRedirect(){') >= 0;var is_form = form_content.length > 0 && ! is_redirect && ! is_confirmation;var mt = parseInt(jQuery('html').css('margin-top'), 10) + parseInt(jQuery('body').css('margin-top'), 10) + 100;if(is_form){jQuery('#gform_wrapper_3').html(form_content.html());if(form_content.hasClass('gform_validation_error')){jQuery('#gform_wrapper_3').addClass('gform_validation_error');} else {jQuery('#gform_wrapper_3').removeClass('gform_validation_error');}setTimeout( function() { \/* delay the scroll by 50 milliseconds to fix a bug in chrome *\/  }, 50 );if(window['gformInitDatepicker']) {gformInitDatepicker();}if(window['gformInitPriceFields']) {gformInitPriceFields();}var current_page = jQuery('#gform_source_page_number_3').val();gformInitSpinner( 3, 'https:\/\/leleg.co\/wp-content\/plugins\/gravityforms\/images\/spinner.svg', true );jQuery(document).trigger('gform_page_loaded', [3, current_page]);window['gf_submitting_3'] = false;}else if(!is_redirect){var confirmation_content = jQuery(this).contents().find('.GF_AJAX_POSTBACK').html();if(!confirmation_content){confirmation_content = contents;}setTimeout(function(){jQuery('#gform_wrapper_3').replaceWith(confirmation_content);jQuery(document).trigger('gform_confirmation_loaded', [3]);window['gf_submitting_3'] = false;wp.a11y.speak(jQuery('#gform_confirmation_message_3').text());}, 50);}else{jQuery('#gform_3').append(contents);if(window['gformRedirect']) {gformRedirect();}}jQuery(document).trigger('gform_post_render', [3, current_page]);gform.utils.trigger({ event: 'gform\/postRender', native: false, data: { formId: 3, currentPage: current_page } });} );} ); \n\/* ]]> *\/\n<\/script>\n[\/vc_column_inner][\/vc_row_inner][\/vc_column][\/vc_row]<\/p>\n<\/div>","protected":false},"excerpt":{"rendered":"<p>[vc_row css=&#8221;.vc_custom_1743032645216{padding-top: 60px !important;padding-bottom: 60px !important;}&#8221;][vc_column width=&#8221;1\/2&#8243;][vc_custom_heading text=&#8221;Contact Us&#8221; use_theme_fonts=&#8221;yes&#8221; css=&#8221;&#8221; el_class=&#8221;contacttitle&#8221;][vc_column_text css=&#8221;&#8221;]At L\u00e9leg, we are here to provide you with the best service! You can contact us regarding our products, your orders, or any questions about skincare. Your feedback and suggestions are very valuable to us. Address: Cerrahpa\u015fa, Kocamustafapa\u015fa Cd. No:91\/A, 34098 Fatih\/\u0130stanbul E-mail: iletisim@leleg.co[\/vc_column_text][vc_custom_heading text=&#8221;Points of Sale&#8221; use_theme_fonts=&#8221;yes&#8221; css=&#8221;&#8221; el_class=&#8221;contactproducttitle&#8221;][\/vc_column][vc_column width=&#8221;1\/2&#8243;][vc_row_inner el_class=&#8221;contentblue&#8221;][vc_column_inner][vc_custom_heading text=&#8221;Contact Form&#8221; use_theme_fonts=&#8221;yes&#8221; css=&#8221;&#8221; el_class=&#8221;contactformtitle&#8221;][\/vc_column_inner][\/vc_row_inner][\/vc_column][\/vc_row]<\/p>\n","protected":false},"author":1,"featured_media":0,"parent":0,"menu_order":0,"comment_status":"closed","ping_status":"closed","template":"","meta":{"footnotes":""},"class_list":["post-855","page","type-page","status-publish","hentry"],"yoast_head":"<!-- This site is optimized with the Yoast SEO plugin v24.7 - https:\/\/yoast.com\/wordpress\/plugins\/seo\/ -->\n<title>Contact - L\u00e9leg<\/title>\n<meta name=\"robots\" content=\"index, follow, max-snippet:-1, max-image-preview:large, max-video-preview:-1\" \/>\n<link rel=\"canonical\" href=\"https:\/\/leleg.co\/en\/contact\/\" \/>\n<meta property=\"og:locale\" content=\"en_US\" \/>\n<meta property=\"og:type\" content=\"article\" \/>\n<meta property=\"og:title\" content=\"Contact - L\u00e9leg\" \/>\n<meta property=\"og:description\" content=\"[vc_row css=&#8221;.vc_custom_1743032645216{padding-top: 60px !important;padding-bottom: 60px !important;}&#8221;][vc_column width=&#8221;1\/2&#8243;][vc_custom_heading text=&#8221;Contact Us&#8221; use_theme_fonts=&#8221;yes&#8221; css=&#8221;&#8221; el_class=&#8221;contacttitle&#8221;][vc_column_text css=&#8221;&#8221;]At L\u00e9leg, we are here to provide you with the best service! You can contact us regarding our products, your orders, or any questions about skincare. Your feedback and suggestions are very valuable to us. Address: Cerrahpa\u015fa, Kocamustafapa\u015fa Cd. No:91\/A, 34098 Fatih\/\u0130stanbul E-mail: iletisim@leleg.co[\/vc_column_text][vc_custom_heading text=&#8221;Points of Sale&#8221; use_theme_fonts=&#8221;yes&#8221; css=&#8221;&#8221; el_class=&#8221;contactproducttitle&#8221;][\/vc_column][vc_column width=&#8221;1\/2&#8243;][vc_row_inner el_class=&#8221;contentblue&#8221;][vc_column_inner][vc_custom_heading text=&#8221;Contact Form&#8221; use_theme_fonts=&#8221;yes&#8221; css=&#8221;&#8221; el_class=&#8221;contactformtitle&#8221;][\/vc_column_inner][\/vc_row_inner][\/vc_column][\/vc_row]\" \/>\n<meta property=\"og:url\" content=\"https:\/\/leleg.co\/en\/contact\/\" \/>\n<meta property=\"og:site_name\" content=\"L\u00e9leg\" \/>\n<meta property=\"article:modified_time\" content=\"2025-09-09T14:08:49+00:00\" \/>\n<meta name=\"twitter:card\" content=\"summary_large_image\" \/>\n<meta name=\"twitter:label1\" content=\"Est. reading time\" \/>\n\t<meta name=\"twitter:data1\" content=\"1 minute\" \/>\n<script type=\"application\/ld+json\" class=\"yoast-schema-graph\">{\"@context\":\"https:\/\/schema.org\",\"@graph\":[{\"@type\":\"WebPage\",\"@id\":\"https:\/\/leleg.co\/en\/contact\/\",\"url\":\"https:\/\/leleg.co\/en\/contact\/\",\"name\":\"Contact - L\u00e9leg\",\"isPartOf\":{\"@id\":\"https:\/\/leleg.co\/#website\"},\"datePublished\":\"2025-03-20T22:49:07+00:00\",\"dateModified\":\"2025-09-09T14:08:49+00:00\",\"breadcrumb\":{\"@id\":\"https:\/\/leleg.co\/en\/contact\/#breadcrumb\"},\"inLanguage\":\"en-US\",\"potentialAction\":[{\"@type\":\"ReadAction\",\"target\":[\"https:\/\/leleg.co\/en\/contact\/\"]}]},{\"@type\":\"BreadcrumbList\",\"@id\":\"https:\/\/leleg.co\/en\/contact\/#breadcrumb\",\"itemListElement\":[{\"@type\":\"ListItem\",\"position\":1,\"name\":\"\",\"item\":\"https:\/\/leleg.co\/en\/\"},{\"@type\":\"ListItem\",\"position\":2,\"name\":\"Contact\"}]},{\"@type\":\"WebSite\",\"@id\":\"https:\/\/leleg.co\/#website\",\"url\":\"https:\/\/leleg.co\/\",\"name\":\"Oru\u00e7 Tar\u0131m\",\"description\":\"\",\"potentialAction\":[{\"@type\":\"SearchAction\",\"target\":{\"@type\":\"EntryPoint\",\"urlTemplate\":\"https:\/\/leleg.co\/?s={search_term_string}\"},\"query-input\":{\"@type\":\"PropertyValueSpecification\",\"valueRequired\":true,\"valueName\":\"search_term_string\"}}],\"inLanguage\":\"en-US\"}]}<\/script>\n<!-- \/ Yoast SEO plugin. -->","yoast_head_json":{"title":"Contact - L\u00e9leg","robots":{"index":"index","follow":"follow","max-snippet":"max-snippet:-1","max-image-preview":"max-image-preview:large","max-video-preview":"max-video-preview:-1"},"canonical":"https:\/\/leleg.co\/en\/contact\/","og_locale":"en_US","og_type":"article","og_title":"Contact - L\u00e9leg","og_description":"[vc_row css=&#8221;.vc_custom_1743032645216{padding-top: 60px !important;padding-bottom: 60px !important;}&#8221;][vc_column width=&#8221;1\/2&#8243;][vc_custom_heading text=&#8221;Contact Us&#8221; use_theme_fonts=&#8221;yes&#8221; css=&#8221;&#8221; el_class=&#8221;contacttitle&#8221;][vc_column_text css=&#8221;&#8221;]At L\u00e9leg, we are here to provide you with the best service! You can contact us regarding our products, your orders, or any questions about skincare. Your feedback and suggestions are very valuable to us. Address: Cerrahpa\u015fa, Kocamustafapa\u015fa Cd. No:91\/A, 34098 Fatih\/\u0130stanbul E-mail: iletisim@leleg.co[\/vc_column_text][vc_custom_heading text=&#8221;Points of Sale&#8221; use_theme_fonts=&#8221;yes&#8221; css=&#8221;&#8221; el_class=&#8221;contactproducttitle&#8221;][\/vc_column][vc_column width=&#8221;1\/2&#8243;][vc_row_inner el_class=&#8221;contentblue&#8221;][vc_column_inner][vc_custom_heading text=&#8221;Contact Form&#8221; use_theme_fonts=&#8221;yes&#8221; css=&#8221;&#8221; el_class=&#8221;contactformtitle&#8221;][\/vc_column_inner][\/vc_row_inner][\/vc_column][\/vc_row]","og_url":"https:\/\/leleg.co\/en\/contact\/","og_site_name":"L\u00e9leg","article_modified_time":"2025-09-09T14:08:49+00:00","twitter_card":"summary_large_image","twitter_misc":{"Est. reading time":"1 minute"},"schema":{"@context":"https:\/\/schema.org","@graph":[{"@type":"WebPage","@id":"https:\/\/leleg.co\/en\/contact\/","url":"https:\/\/leleg.co\/en\/contact\/","name":"Contact - L\u00e9leg","isPartOf":{"@id":"https:\/\/leleg.co\/#website"},"datePublished":"2025-03-20T22:49:07+00:00","dateModified":"2025-09-09T14:08:49+00:00","breadcrumb":{"@id":"https:\/\/leleg.co\/en\/contact\/#breadcrumb"},"inLanguage":"en-US","potentialAction":[{"@type":"ReadAction","target":["https:\/\/leleg.co\/en\/contact\/"]}]},{"@type":"BreadcrumbList","@id":"https:\/\/leleg.co\/en\/contact\/#breadcrumb","itemListElement":[{"@type":"ListItem","position":1,"name":"","item":"https:\/\/leleg.co\/en\/"},{"@type":"ListItem","position":2,"name":"Contact"}]},{"@type":"WebSite","@id":"https:\/\/leleg.co\/#website","url":"https:\/\/leleg.co\/","name":"Oru\u00e7 Tar\u0131m","description":"","potentialAction":[{"@type":"SearchAction","target":{"@type":"EntryPoint","urlTemplate":"https:\/\/leleg.co\/?s={search_term_string}"},"query-input":{"@type":"PropertyValueSpecification","valueRequired":true,"valueName":"search_term_string"}}],"inLanguage":"en-US"}]}},"_links":{"self":[{"href":"https:\/\/leleg.co\/en\/wp-json\/wp\/v2\/pages\/855","targetHints":{"allow":["GET"]}}],"collection":[{"href":"https:\/\/leleg.co\/en\/wp-json\/wp\/v2\/pages"}],"about":[{"href":"https:\/\/leleg.co\/en\/wp-json\/wp\/v2\/types\/page"}],"author":[{"embeddable":true,"href":"https:\/\/leleg.co\/en\/wp-json\/wp\/v2\/users\/1"}],"replies":[{"embeddable":true,"href":"https:\/\/leleg.co\/en\/wp-json\/wp\/v2\/comments?post=855"}],"version-history":[{"count":5,"href":"https:\/\/leleg.co\/en\/wp-json\/wp\/v2\/pages\/855\/revisions"}],"predecessor-version":[{"id":888,"href":"https:\/\/leleg.co\/en\/wp-json\/wp\/v2\/pages\/855\/revisions\/888"}],"wp:attachment":[{"href":"https:\/\/leleg.co\/en\/wp-json\/wp\/v2\/media?parent=855"}],"curies":[{"name":"wp","href":"https:\/\/api.w.org\/{rel}","templated":true}]}}